{"id":625,"date":"2019-05-01T14:15:05","date_gmt":"2019-05-01T20:15:05","guid":{"rendered":"http:\/\/demos.reytheme.com\/valencia\/?page_id=625"},"modified":"2020-10-02T18:48:18","modified_gmt":"2020-10-03T00:48:18","slug":"discover-us","status":"publish","type":"page","link":"https:\/\/mycomfortable.com\/en\/discover-us\/","title":{"rendered":"Acerca de"},"content":{"rendered":"<div data-elementor-type=\"wp-post\" data-elementor-id=\"625\" class=\"elementor elementor-625\">\n\t\t\t\t\t\t<section class=\"elementor-section elementor-top-section elementor-element elementor-element-931b9e3 elementor-section-boxed elementor-section-height-default elementor-section-height-default\" data-id=\"931b9e3\" data-element_type=\"section\" data-e-type=\"section\">\n\t\t\t\t\t\t<div class=\"elementor-container elementor-column-gap-default\">\n\t\t\t\t\t<div class=\"elementor-column elementor-col-100 elementor-top-column elementor-element elementor-element-7c2a887\" data-id=\"7c2a887\" data-element_type=\"column\" data-e-type=\"column\">\n\t\t\t<div class=\"elementor-column-wrap--7c2a887 elementor-widget-wrap elementor-element-populated\">\n\t\t\t\t\t\t<div class=\"elementor-element elementor-element-17e445f elementor-widget elementor-widget-text-editor\" data-id=\"17e445f\" data-element_type=\"widget\" data-e-type=\"widget\" data-widget_type=\"text-editor.default\">\n\t\t\t\t<div class=\"elementor-widget-container\">\n\t\t\t\t\t\t\t\t\t<p style=\"text-align: left;\">About us\u00a0\u00a0<\/p>\t\t\t\t\t\t\t\t<\/div>\n\t\t\t\t<\/div>\n\t\t\t\t<div class=\"elementor-element elementor-element-7a3d662 elementor-widget elementor-widget-text-editor\" data-id=\"7a3d662\" data-element_type=\"widget\" data-e-type=\"widget\" data-widget_type=\"text-editor.default\">\n\t\t\t\t<div class=\"elementor-widget-container\">\n\t\t\t\t\t\t\t\t\t<p style=\"text-align: left;\">ComforTable is a multifunctional table that was created to modernize your workspace, providing comfort with its ergonomic, aesthetic design and easy to transport.<\/p>\n<p style=\"text-align: left;\">All products used in the design of ComforTable are of the highest quality with guaranteed durability.<\/p>\t\t\t\t\t\t\t\t<\/div>\n\t\t\t\t<\/div>\n\t\t\t\t\t<\/div>\n\t\t<\/div>\n\t\t\t\t\t<\/div>\n\t\t<\/section>\n\t\t\t\t<section class=\"elementor-section elementor-top-section elementor-element elementor-element-5c99e19 elementor-section-boxed elementor-section-height-default elementor-section-height-default\" data-id=\"5c99e19\" data-element_type=\"section\" data-e-type=\"section\">\n\t\t\t\t\t\t<div class=\"elementor-container elementor-column-gap-default\">\n\t\t\t\t\t<div class=\"elementor-column elementor-col-100 elementor-top-column elementor-element elementor-element-cb05c5e\" data-id=\"cb05c5e\" data-element_type=\"column\" data-e-type=\"column\">\n\t\t\t<div class=\"elementor-column-wrap--cb05c5e elementor-widget-wrap elementor-element-populated\">\n\t\t\t\t\t\t<div class=\"elementor-element elementor-element-1ec41d1 elementor-widget elementor-widget-text-editor\" data-id=\"1ec41d1\" data-element_type=\"widget\" data-e-type=\"widget\" data-widget_type=\"text-editor.default\">\n\t\t\t\t<div class=\"elementor-widget-container\">\n\t\t\t\t\t\t\t\t\t<p>CREATED AND ELABORATED 100% IN GUATEMALA<\/p>\t\t\t\t\t\t\t\t<\/div>\n\t\t\t\t<\/div>\n\t\t\t\t<div class=\"elementor-element elementor-element-125bfd8 elementor-widget elementor-widget-text-editor\" data-id=\"125bfd8\" data-element_type=\"widget\" data-e-type=\"widget\" data-widget_type=\"text-editor.default\">\n\t\t\t\t<div class=\"elementor-widget-container\">\n\t\t\t\t\t\t\t\t\t<p style=\"text-align: left;\">ComforTable is a multifunctional table that was created to modernize your workspace, providing comfort with its ergonomic, aesthetic design and easy to transport.<\/p><p style=\"text-align: left;\">Its adaptable mechanism allows you to achieve different positions that perfectly suit your needs, taking into account the ideal care of your body posture, with an extendable arm and different heights. It has a triphasic and USB connection, as well as a 2 meter long electrical cable. It has a wheel system that is perfect for any space.<\/p><p style=\"text-align: left;\">In addition, it offers various accessories that you can assemble and disassemble whenever you want, such as a footrest, an advertising acrylic screen and a table lamp. Discover the tool that adapts to you.<br \/>Your best ally is ComforTable.<\/p><p style=\"text-align: left;\"><strong>Do you have one?<\/strong><br \/><strong>ComforTable<\/strong><\/p>\t\t\t\t\t\t\t\t<\/div>\n\t\t\t\t<\/div>\n\t\t\t\t\t<\/div>\n\t\t<\/div>\n\t\t\t\t\t<\/div>\n\t\t<\/section>\n\t\t\t\t<section class=\"elementor-section elementor-top-section elementor-element elementor-element-965b024 elementor-section-boxed elementor-section-height-default elementor-section-height-default\" data-id=\"965b024\" data-element_type=\"section\" data-e-type=\"section\">\n\t\t\t\t\t\t<div class=\"elementor-container elementor-column-gap-default\">\n\t\t\t\t\t<div class=\"elementor-column elementor-col-100 elementor-top-column elementor-element elementor-element-41d348f\" data-id=\"41d348f\" data-element_type=\"column\" data-e-type=\"column\">\n\t\t\t<div class=\"elementor-column-wrap--41d348f elementor-widget-wrap elementor-element-populated\">\n\t\t\t\t\t\t<div class=\"elementor-element elementor-element-22cd9be gallery-cols--tablet-2 gallery-cols--mobile-1 gallery-spacing-custom gallery-cols--2 elementor-widget elementor-widget-image-gallery\" data-id=\"22cd9be\" data-element_type=\"widget\" data-e-type=\"widget\" data-widget_type=\"image-gallery.default\">\n\t\t\t\t<div class=\"elementor-widget-container\">\n\t\t\t\t\t\t\t<div class=\"elementor-image-gallery\">\n\t\t\t<div id='gallery-1' class='gallery galleryid-625 gallery-columns-2 gallery-size-full'><figure class='gallery-item'>\n\t\t\t<div class='gallery-icon landscape'>\n\t\t\t\t<a data-elementor-open-lightbox=\"yes\" data-elementor-lightbox-slideshow=\"22cd9be\" data-elementor-lightbox-title=\"L\u00e1mpara\" data-e-action-hash=\"#elementor-action%3Aaction%3Dlightbox%26settings%3DeyJpZCI6MTc4MiwidXJsIjoiaHR0cHM6XC9cL215Y29tZm9ydGFibGUuY29tXC9jaGFybGllXC93cC1jb250ZW50XC91cGxvYWRzXC8yMDIwXC8wNlwvRnJhbWUtMTctMi5wbmciLCJzbGlkZXNob3ciOiIyMmNkOWJlIn0%3D\" href='https:\/\/mycomfortable.com\/charlie\/wp-content\/uploads\/2020\/06\/Frame-17-2.png'><img fetchpriority=\"high\" decoding=\"async\" width=\"1600\" height=\"1087\" src=\"https:\/\/mycomfortable.com\/charlie\/wp-content\/uploads\/2020\/06\/Frame-17-2.png\" class=\"attachment-full size-full\" alt=\"\" srcset=\"https:\/\/mycomfortable.com\/charlie\/wp-content\/uploads\/2020\/06\/Frame-17-2.png 1600w, https:\/\/mycomfortable.com\/charlie\/wp-content\/uploads\/2020\/06\/Frame-17-2-800x544.png 800w, https:\/\/mycomfortable.com\/charlie\/wp-content\/uploads\/2020\/06\/Frame-17-2-300x204.png 300w, https:\/\/mycomfortable.com\/charlie\/wp-content\/uploads\/2020\/06\/Frame-17-2-1024x696.png 1024w, https:\/\/mycomfortable.com\/charlie\/wp-content\/uploads\/2020\/06\/Frame-17-2-768x522.png 768w, https:\/\/mycomfortable.com\/charlie\/wp-content\/uploads\/2020\/06\/Frame-17-2-1536x1044.png 1536w\" sizes=\"(max-width: 1600px) 100vw, 1600px\" \/><\/a>\n\t\t\t<\/div><\/figure>\n\t\t<\/div>\n\t\t<\/div>\n\t\t\t\t\t\t<\/div>\n\t\t\t\t<\/div>\n\t\t\t\t\t<\/div>\n\t\t<\/div>\n\t\t\t\t\t<\/div>\n\t\t<\/section>\n\t\t\t\t<\/div>","protected":false},"excerpt":{"rendered":"<p>\u00bfQuienes Somos?\u00a0\u00a0 ComforTable es una mesa multifuncional que fue creada para modernizar tu espacio de trabajo, dando confort con su dise\u00f1o ergon\u00f3mico, est\u00e9tico y f\u00e1cil de transportar. Todos los productos utilizados en el dise\u00f1o de ComforTable son de la mejor calidad con durabilidad garantizada. CREADO Y ELABORADO 100% EN GUATEMALA ComforTable es una mesa multi-usos [&hellip;]<\/p>\n","protected":false},"author":2,"featured_media":0,"parent":0,"menu_order":0,"comment_status":"closed","ping_status":"closed","template":"template-builder.php","meta":{"footnotes":""},"yoast_head":"<!-- This site is optimized with the Yoast SEO plugin v27.4 - https:\/\/yoast.com\/product\/yoast-seo-wordpress\/ -->\n<title>Acerca de - ComforTable<\/title>\n<meta name=\"robots\" content=\"index, follow, max-snippet:-1, max-image-preview:large, max-video-preview:-1\" \/>\n<link rel=\"canonical\" href=\"https:\/\/mycomfortable.com\/en\/discover-us\/\" \/>\n<meta property=\"og:locale\" content=\"en_US\" \/>\n<meta property=\"og:type\" content=\"article\" \/>\n<meta property=\"og:title\" content=\"Acerca de - ComforTable\" \/>\n<meta property=\"og:description\" content=\"\u00bfQuienes Somos?\u00a0\u00a0 ComforTable es una mesa multifuncional que fue creada para modernizar tu espacio de trabajo, dando confort con su dise\u00f1o ergon\u00f3mico, est\u00e9tico y f\u00e1cil de transportar. Todos los productos utilizados en el dise\u00f1o de ComforTable son de la mejor calidad con durabilidad garantizada. CREADO Y ELABORADO 100% EN GUATEMALA ComforTable es una mesa multi-usos [&hellip;]\" \/>\n<meta property=\"og:url\" content=\"https:\/\/mycomfortable.com\/en\/discover-us\/\" \/>\n<meta property=\"og:site_name\" content=\"ComforTable\" \/>\n<meta property=\"article:modified_time\" content=\"2020-10-03T00:48:18+00:00\" \/>\n<meta property=\"og:image\" content=\"https:\/\/mycomfortable.com\/charlie\/wp-content\/uploads\/2020\/06\/Frame-17-2.png\" \/>\n<meta name=\"twitter:card\" content=\"summary_large_image\" \/>\n<meta name=\"twitter:label1\" content=\"Est. reading time\" \/>\n\t<meta name=\"twitter:data1\" content=\"1 minute\" \/>\n<script type=\"application\/ld+json\" class=\"yoast-schema-graph\">{\"@context\":\"https:\\\/\\\/schema.org\",\"@graph\":[{\"@type\":\"WebPage\",\"@id\":\"https:\\\/\\\/mycomfortable.com\\\/discover-us\\\/\",\"url\":\"https:\\\/\\\/mycomfortable.com\\\/discover-us\\\/\",\"name\":\"Acerca de - ComforTable\",\"isPartOf\":{\"@id\":\"https:\\\/\\\/mycomfortable.com\\\/en\\\/#website\"},\"primaryImageOfPage\":{\"@id\":\"https:\\\/\\\/mycomfortable.com\\\/discover-us\\\/#primaryimage\"},\"image\":{\"@id\":\"https:\\\/\\\/mycomfortable.com\\\/discover-us\\\/#primaryimage\"},\"thumbnailUrl\":\"https:\\\/\\\/mycomfortable.com\\\/charlie\\\/wp-content\\\/uploads\\\/2020\\\/06\\\/Frame-17-2.png\",\"datePublished\":\"2019-05-01T20:15:05+00:00\",\"dateModified\":\"2020-10-03T00:48:18+00:00\",\"breadcrumb\":{\"@id\":\"https:\\\/\\\/mycomfortable.com\\\/discover-us\\\/#breadcrumb\"},\"inLanguage\":\"en-US\",\"potentialAction\":[{\"@type\":\"ReadAction\",\"target\":[\"https:\\\/\\\/mycomfortable.com\\\/discover-us\\\/\"]}]},{\"@type\":\"ImageObject\",\"inLanguage\":\"en-US\",\"@id\":\"https:\\\/\\\/mycomfortable.com\\\/discover-us\\\/#primaryimage\",\"url\":\"https:\\\/\\\/mycomfortable.com\\\/charlie\\\/wp-content\\\/uploads\\\/2020\\\/06\\\/Frame-17-2.png\",\"contentUrl\":\"https:\\\/\\\/mycomfortable.com\\\/charlie\\\/wp-content\\\/uploads\\\/2020\\\/06\\\/Frame-17-2.png\"},{\"@type\":\"BreadcrumbList\",\"@id\":\"https:\\\/\\\/mycomfortable.com\\\/discover-us\\\/#breadcrumb\",\"itemListElement\":[{\"@type\":\"ListItem\",\"position\":1,\"name\":\"Portada\",\"item\":\"https:\\\/\\\/mycomfortable.com\\\/en\\\/\"},{\"@type\":\"ListItem\",\"position\":2,\"name\":\"Acerca de\"}]},{\"@type\":\"WebSite\",\"@id\":\"https:\\\/\\\/mycomfortable.com\\\/en\\\/#website\",\"url\":\"https:\\\/\\\/mycomfortable.com\\\/en\\\/\",\"name\":\"ComforTable\",\"description\":\"\",\"publisher\":{\"@id\":\"https:\\\/\\\/mycomfortable.com\\\/en\\\/#organization\"},\"potentialAction\":[{\"@type\":\"SearchAction\",\"target\":{\"@type\":\"EntryPoint\",\"urlTemplate\":\"https:\\\/\\\/mycomfortable.com\\\/en\\\/?s={search_term_string}\"},\"query-input\":{\"@type\":\"PropertyValueSpecification\",\"valueRequired\":true,\"valueName\":\"search_term_string\"}}],\"inLanguage\":\"en-US\"},{\"@type\":\"Organization\",\"@id\":\"https:\\\/\\\/mycomfortable.com\\\/en\\\/#organization\",\"name\":\"ComforTable\",\"url\":\"https:\\\/\\\/mycomfortable.com\\\/en\\\/\",\"logo\":{\"@type\":\"ImageObject\",\"inLanguage\":\"en-US\",\"@id\":\"https:\\\/\\\/mycomfortable.com\\\/en\\\/#\\\/schema\\\/logo\\\/image\\\/\",\"url\":\"https:\\\/\\\/mycomfortable.com\\\/charlie\\\/wp-content\\\/uploads\\\/2020\\\/06\\\/Group-4.png\",\"contentUrl\":\"https:\\\/\\\/mycomfortable.com\\\/charlie\\\/wp-content\\\/uploads\\\/2020\\\/06\\\/Group-4.png\",\"width\":180,\"height\":42,\"caption\":\"ComforTable\"},\"image\":{\"@id\":\"https:\\\/\\\/mycomfortable.com\\\/en\\\/#\\\/schema\\\/logo\\\/image\\\/\"}}]}<\/script>\n<!-- \/ Yoast SEO plugin. -->","yoast_head_json":{"title":"Acerca de - ComforTable","robots":{"index":"index","follow":"follow","max-snippet":"max-snippet:-1","max-image-preview":"max-image-preview:large","max-video-preview":"max-video-preview:-1"},"canonical":"https:\/\/mycomfortable.com\/en\/discover-us\/","og_locale":"en_US","og_type":"article","og_title":"Acerca de - ComforTable","og_description":"\u00bfQuienes Somos?\u00a0\u00a0 ComforTable es una mesa multifuncional que fue creada para modernizar tu espacio de trabajo, dando confort con su dise\u00f1o ergon\u00f3mico, est\u00e9tico y f\u00e1cil de transportar. Todos los productos utilizados en el dise\u00f1o de ComforTable son de la mejor calidad con durabilidad garantizada. CREADO Y ELABORADO 100% EN GUATEMALA ComforTable es una mesa multi-usos [&hellip;]","og_url":"https:\/\/mycomfortable.com\/en\/discover-us\/","og_site_name":"ComforTable","article_modified_time":"2020-10-03T00:48:18+00:00","og_image":[{"url":"https:\/\/mycomfortable.com\/charlie\/wp-content\/uploads\/2020\/06\/Frame-17-2.png","type":"","width":"","height":""}],"twitter_card":"summary_large_image","twitter_misc":{"Est. reading time":"1 minute"},"schema":{"@context":"https:\/\/schema.org","@graph":[{"@type":"WebPage","@id":"https:\/\/mycomfortable.com\/discover-us\/","url":"https:\/\/mycomfortable.com\/discover-us\/","name":"Acerca de - ComforTable","isPartOf":{"@id":"https:\/\/mycomfortable.com\/en\/#website"},"primaryImageOfPage":{"@id":"https:\/\/mycomfortable.com\/discover-us\/#primaryimage"},"image":{"@id":"https:\/\/mycomfortable.com\/discover-us\/#primaryimage"},"thumbnailUrl":"https:\/\/mycomfortable.com\/charlie\/wp-content\/uploads\/2020\/06\/Frame-17-2.png","datePublished":"2019-05-01T20:15:05+00:00","dateModified":"2020-10-03T00:48:18+00:00","breadcrumb":{"@id":"https:\/\/mycomfortable.com\/discover-us\/#breadcrumb"},"inLanguage":"en-US","potentialAction":[{"@type":"ReadAction","target":["https:\/\/mycomfortable.com\/discover-us\/"]}]},{"@type":"ImageObject","inLanguage":"en-US","@id":"https:\/\/mycomfortable.com\/discover-us\/#primaryimage","url":"https:\/\/mycomfortable.com\/charlie\/wp-content\/uploads\/2020\/06\/Frame-17-2.png","contentUrl":"https:\/\/mycomfortable.com\/charlie\/wp-content\/uploads\/2020\/06\/Frame-17-2.png"},{"@type":"BreadcrumbList","@id":"https:\/\/mycomfortable.com\/discover-us\/#breadcrumb","itemListElement":[{"@type":"ListItem","position":1,"name":"Portada","item":"https:\/\/mycomfortable.com\/en\/"},{"@type":"ListItem","position":2,"name":"Acerca de"}]},{"@type":"WebSite","@id":"https:\/\/mycomfortable.com\/en\/#website","url":"https:\/\/mycomfortable.com\/en\/","name":"ComforTable","description":"","publisher":{"@id":"https:\/\/mycomfortable.com\/en\/#organization"},"potentialAction":[{"@type":"SearchAction","target":{"@type":"EntryPoint","urlTemplate":"https:\/\/mycomfortable.com\/en\/?s={search_term_string}"},"query-input":{"@type":"PropertyValueSpecification","valueRequired":true,"valueName":"search_term_string"}}],"inLanguage":"en-US"},{"@type":"Organization","@id":"https:\/\/mycomfortable.com\/en\/#organization","name":"ComforTable","url":"https:\/\/mycomfortable.com\/en\/","logo":{"@type":"ImageObject","inLanguage":"en-US","@id":"https:\/\/mycomfortable.com\/en\/#\/schema\/logo\/image\/","url":"https:\/\/mycomfortable.com\/charlie\/wp-content\/uploads\/2020\/06\/Group-4.png","contentUrl":"https:\/\/mycomfortable.com\/charlie\/wp-content\/uploads\/2020\/06\/Group-4.png","width":180,"height":42,"caption":"ComforTable"},"image":{"@id":"https:\/\/mycomfortable.com\/en\/#\/schema\/logo\/image\/"}}]}},"_links":{"self":[{"href":"https:\/\/mycomfortable.com\/en\/wp-json\/wp\/v2\/pages\/625"}],"collection":[{"href":"https:\/\/mycomfortable.com\/en\/wp-json\/wp\/v2\/pages"}],"about":[{"href":"https:\/\/mycomfortable.com\/en\/wp-json\/wp\/v2\/types\/page"}],"author":[{"embeddable":true,"href":"https:\/\/mycomfortable.com\/en\/wp-json\/wp\/v2\/users\/2"}],"replies":[{"embeddable":true,"href":"https:\/\/mycomfortable.com\/en\/wp-json\/wp\/v2\/comments?post=625"}],"version-history":[{"count":28,"href":"https:\/\/mycomfortable.com\/en\/wp-json\/wp\/v2\/pages\/625\/revisions"}],"predecessor-version":[{"id":2624,"href":"https:\/\/mycomfortable.com\/en\/wp-json\/wp\/v2\/pages\/625\/revisions\/2624"}],"wp:attachment":[{"href":"https:\/\/mycomfortable.com\/en\/wp-json\/wp\/v2\/media?parent=625"}],"curies":[{"name":"wp","href":"https:\/\/api.w.org\/{rel}","templated":true}]}}